{"id":1094,"date":"2021-03-23T16:31:37","date_gmt":"2021-03-23T15:31:37","guid":{"rendered":"https:\/\/mgbewindvoering.nl\/?page_id=1094"},"modified":"2021-03-23T17:32:34","modified_gmt":"2021-03-23T16:32:34","slug":"ben-jij-bewindvoerder-dat-is-toch-niets-anders-dan-mensen-uit-de-financiele-shit-halen-terwijl-je-stank-voor-dank-terugkrijgt","status":"publish","type":"page","link":"https:\/\/mgbewindvoering.nl\/?page_id=1094","title":{"rendered":"\u201cBen jij bewindvoerder?? Dat is toch niets anders dan mensen uit de \u2018financi\u00eble shit\u2019 halen, terwijl je stank voor dank terugkrijgt? \u201c"},"content":{"rendered":"\n<p>Beschermingsbewind is een heftige maatregel die onder meer wordt uitgesproken als sprake is van een grote schuldenlast. Mensen in dit soort situaties zijn vaak ten einde raad wanneer zij de hulp van een bewindvoerder inroepen. Ze hebben het gevoel de volledige controle over hun leven kwijt te raken wat kan resulteren in schuldgevoelens, angst, weinig zelfvertrouwen en soms zelfs depressie.<\/p>\n\n\n\n<p>Nadat het bewind is uitgesproken door de kantonrechter, worden van de een op de andere dag al hun financi\u00ebn volledig uit handen genomen, door een persoon die ze nauwelijks kennen. Logischerwijs roept dat in het begin regelmatig frustratie op. Soms uit dit zich in emotionele uitbarstingen aan de telefoon, of in verwijtende (niet mis te verstane) termen aan ons adres gericht. Maar na verloop van tijd zien wij dat deze onrust plaats maakt voor berusting, wanneer mensen ervaren dat we er niet op uit zijn hun het leven nog ondraaglijker te maken, maar juist voor ogen hebben rust en stabiliteit te cre\u00ebren. Het resultaat is dat langdurige stress steeds verder afneemt. Hierdoor is het met een beetje hulp en begeleiding van onze kant, en een flinke dosis doorzettingsvermogen aan de kant van onze cli\u00ebnten soms t\u00f3ch weer mogelijk dat zij hun financi\u00ebn (nagenoeg) zelfstandig gaan beheren.<\/p>\n\n\n\n<p>Tijd, aandacht en inlevingsvermogen met een vleugje humor op zijn tijd, maar bovenal zien wie de mensen achter de rode cijfers zijn is waar we naar streven. En wat is het dan bijzonder om na de nodige hobbels bij aanvang van het bewind, een aantal jaren later de volgende review te lezen:<\/p>\n\n\n\n<p><em>\u201cJaline en Julia hebben al heel snel een duidelijk overzicht voor mij gemaakt, wat mij heel veel rust gaf, mijn leefgeld altijd op tijd op mijn rekening, komen hun afspraken na. Denken mee, goede en snelle communicatie ook op de mail, wat erg prettig is!!\u00a0 En je weet waar je aan toe bent. Van mij krijgt dit kantoor een dikke 10! Ik zal t iedereen aanraden!\u201d <\/em> <\/p>\n\n\n\n<div class=\"wp-block-image\"><figure class=\"alignleft size-large is-resized\"><img decoding=\"async\" src=\"https:\/\/mgbewindvoering.nl\/wp-content\/uploads\/2021\/03\/pexels-debadutta-1046287-5-1024x681.jpg\" alt=\"\" class=\"wp-image-1130\" width=\"220\" height=\"146\" srcset=\"https:\/\/mgbewindvoering.nl\/wp-content\/uploads\/2021\/03\/pexels-debadutta-1046287-5-1024x681.jpg 1024w, https:\/\/mgbewindvoering.nl\/wp-content\/uploads\/2021\/03\/pexels-debadutta-1046287-5-300x199.jpg 300w, https:\/\/mgbewindvoering.nl\/wp-content\/uploads\/2021\/03\/pexels-debadutta-1046287-5-768x511.jpg 768w, https:\/\/mgbewindvoering.nl\/wp-content\/uploads\/2021\/03\/pexels-debadutta-1046287-5-1536x1021.jpg 1536w, https:\/\/mgbewindvoering.nl\/wp-content\/uploads\/2021\/03\/pexels-debadutta-1046287-5-2048x1362.jpg 2048w, https:\/\/mgbewindvoering.nl\/wp-content\/uploads\/2021\/03\/pexels-debadutta-1046287-5-480x319.jpg 480w, https:\/\/mgbewindvoering.nl\/wp-content\/uploads\/2021\/03\/pexels-debadutta-1046287-5-410x273.jpg 410w, https:\/\/mgbewindvoering.nl\/wp-content\/uploads\/2021\/03\/pexels-debadutta-1046287-5-100x66.jpg 100w, https:\/\/mgbewindvoering.nl\/wp-content\/uploads\/2021\/03\/pexels-debadutta-1046287-5-275x183.jpg 275w, https:\/\/mgbewindvoering.nl\/wp-content\/uploads\/2021\/03\/pexels-debadutta-1046287-5-272x182.jpg 272w\" sizes=\"(max-width: 220px) 100vw, 220px\" \/><\/figure><\/div>\n\n\n\n<p><\/p>\n\n\n\n<p><strong>Ja, ik ben beschermingsbewindvoerder, en krijg soms de wind van voren. Maar wat is het fantastisch om getuige te zijn van de rups die dacht dat zijn leven voorbij was, te zien veranderen in een vlinder.<\/strong><\/p>\n\n\n\n<p><\/p>\n\n\n\n<p>                                                                                                                                                                               <\/p>\n\n\n\n<p>                                                   <\/p>\n\n\n","protected":false},"excerpt":{"rendered":"<p>Beschermingsbewind is een heftige maatregel die onder meer wordt uitgesproken als sprake is van een grote schuldenlast. Mensen in dit soort situaties zijn vaak ten einde raad wanneer zij de hulp van een bewindvoerder inroepen. Ze hebben het gevoel de volledige controle over hun leven kwijt te raken wat kan resulteren in schuldgevoelens, angst, weinig [&hellip;]<\/p>\n","protected":false},"author":2,"featured_media":1103,"parent":0,"menu_order":0,"comment_status":"closed","ping_status":"closed","template":"","meta":{"_acf_changed":false,"om_disable_all_campaigns":false,"_monsterinsights_skip_tracking":false,"_monsterinsights_sitenote_active":false,"_monsterinsights_sitenote_note":"","_monsterinsights_sitenote_category":0,"ngg_post_thumbnail":0,"footnotes":""},"class_list":["post-1094","page","type-page","status-publish","has-post-thumbnail","hentry"],"acf":[],"aioseo_notices":[],"_links":{"self":[{"href":"https:\/\/mgbewindvoering.nl\/index.php?rest_route=\/wp\/v2\/pages\/1094","targetHints":{"allow":["GET"]}}],"collection":[{"href":"https:\/\/mgbewindvoering.nl\/index.php?rest_route=\/wp\/v2\/pages"}],"about":[{"href":"https:\/\/mgbewindvoering.nl\/index.php?rest_route=\/wp\/v2\/types\/page"}],"author":[{"embeddable":true,"href":"https:\/\/mgbewindvoering.nl\/index.php?rest_route=\/wp\/v2\/users\/2"}],"replies":[{"embeddable":true,"href":"https:\/\/mgbewindvoering.nl\/index.php?rest_route=%2Fwp%2Fv2%2Fcomments&post=1094"}],"version-history":[{"count":21,"href":"https:\/\/mgbewindvoering.nl\/index.php?rest_route=\/wp\/v2\/pages\/1094\/revisions"}],"predecessor-version":[{"id":1136,"href":"https:\/\/mgbewindvoering.nl\/index.php?rest_route=\/wp\/v2\/pages\/1094\/revisions\/1136"}],"wp:featuredmedia":[{"embeddable":true,"href":"https:\/\/mgbewindvoering.nl\/index.php?rest_route=\/wp\/v2\/media\/1103"}],"wp:attachment":[{"href":"https:\/\/mgbewindvoering.nl\/index.php?rest_route=%2Fwp%2Fv2%2Fmedia&parent=1094"}],"curies":[{"name":"wp","href":"https:\/\/api.w.org\/{rel}","templated":true}]}}