{"id":1645,"date":"2025-12-01T12:28:21","date_gmt":"2025-12-01T11:28:21","guid":{"rendered":"https:\/\/mgbewindvoering.nl\/?page_id=1645"},"modified":"2025-12-01T12:30:47","modified_gmt":"2025-12-01T11:30:47","slug":"pgb-beheer-2","status":"publish","type":"page","link":"https:\/\/mgbewindvoering.nl\/?page_id=1645","title":{"rendered":"PGB Beheer"},"content":{"rendered":"<p data-start=\"92\" data-end=\"122\"><strong data-start=\"92\" data-end=\"122\">Geen ondersteuning met PGB<\/strong><\/p>\n<p data-start=\"124\" data-end=\"350\">Wij bieden geen ondersteuning meer bij Persoonsgebonden Budgetten (PGB). De huidige PGB-regels vragen dat \u00e9\u00e9n persoon zowel de zorginhoudelijke controle als het financi\u00eble beheer uitvoert (de zogenoemde <em data-start=\"327\" data-end=\"346\">gewaarborgde hulp<\/em>).<\/p>\n<p data-start=\"352\" data-end=\"574\">Omdat wij uitsluitend verantwoord en professioneel financieel beheer kunnen waarborgen, en niet de combinatie van zorgcontrole \u00e9n financi\u00eble verantwoordelijkheid, hebben wij besloten geen PGB-diensten meer aan te bieden.<\/p>\n<p data-start=\"576\" data-end=\"693\">Wij blijven ons richten op waar wij het beste in zijn: het zorgvuldig en transparant beheren van financi\u00eble belangen.<\/p>\n\n","protected":false},"excerpt":{"rendered":"<p>Geen ondersteuning met PGB Wij bieden geen ondersteuning meer bij Persoonsgebonden Budgetten (PGB). De huidige PGB-regels vragen dat \u00e9\u00e9n persoon zowel de zorginhoudelijke controle als het financi\u00eble beheer uitvoert (de zogenoemde gewaarborgde hulp). Omdat wij uitsluitend verantwoord en professioneel financieel beheer kunnen waarborgen, en niet de combinatie van zorgcontrole \u00e9n financi\u00eble verantwoordelijkheid, hebben wij besloten [&hellip;]<\/p>\n","protected":false},"author":2,"featured_media":1540,"parent":0,"menu_order":0,"comment_status":"closed","ping_status":"closed","template":"","meta":{"_acf_changed":false,"om_disable_all_campaigns":false,"_monsterinsights_skip_tracking":false,"_monsterinsights_sitenote_active":false,"_monsterinsights_sitenote_note":"","_monsterinsights_sitenote_category":0,"ngg_post_thumbnail":0,"footnotes":""},"class_list":["post-1645","page","type-page","status-publish","has-post-thumbnail","hentry"],"acf":[],"aioseo_notices":[],"_links":{"self":[{"href":"https:\/\/mgbewindvoering.nl\/index.php?rest_route=\/wp\/v2\/pages\/1645","targetHints":{"allow":["GET"]}}],"collection":[{"href":"https:\/\/mgbewindvoering.nl\/index.php?rest_route=\/wp\/v2\/pages"}],"about":[{"href":"https:\/\/mgbewindvoering.nl\/index.php?rest_route=\/wp\/v2\/types\/page"}],"author":[{"embeddable":true,"href":"https:\/\/mgbewindvoering.nl\/index.php?rest_route=\/wp\/v2\/users\/2"}],"replies":[{"embeddable":true,"href":"https:\/\/mgbewindvoering.nl\/index.php?rest_route=%2Fwp%2Fv2%2Fcomments&post=1645"}],"version-history":[{"count":2,"href":"https:\/\/mgbewindvoering.nl\/index.php?rest_route=\/wp\/v2\/pages\/1645\/revisions"}],"predecessor-version":[{"id":1649,"href":"https:\/\/mgbewindvoering.nl\/index.php?rest_route=\/wp\/v2\/pages\/1645\/revisions\/1649"}],"wp:featuredmedia":[{"embeddable":true,"href":"https:\/\/mgbewindvoering.nl\/index.php?rest_route=\/wp\/v2\/media\/1540"}],"wp:attachment":[{"href":"https:\/\/mgbewindvoering.nl\/index.php?rest_route=%2Fwp%2Fv2%2Fmedia&parent=1645"}],"curies":[{"name":"wp","href":"https:\/\/api.w.org\/{rel}","templated":true}]}}