{"id":400,"date":"2018-04-13T10:16:40","date_gmt":"2018-04-13T09:16:40","guid":{"rendered":"https:\/\/mgbewindvoering.nl\/?page_id=400"},"modified":"2025-12-01T10:30:59","modified_gmt":"2025-12-01T09:30:59","slug":"wie-zijn-wij","status":"publish","type":"page","link":"https:\/\/mgbewindvoering.nl\/?page_id=400","title":{"rendered":"Wie zijn wij?"},"content":{"rendered":"<p>M&amp;G Bewindvoering wordt met veel enthousiasme gerund door twee bedreven duizendpoten. Kwaliteit en deskundigheid staat bij M&amp;G Bewindvoering hoog in het vaandel.<\/p>\n<p><strong>Gerjan Geertsma<\/strong><\/p>\n<p>Gerjan Geertsma heeft vanaf 2001 ervaring in de schuldhulpverlening en beschermingsbewind. Diverse aspecten van het uitvoeren van beschermingsbewind spreken hem aan:<\/p>\n<blockquote>\n<p><span style=\"font-size: 10pt;\"><em><span style=\"font-size: 10pt;\">\u201cVan nature ben ik resultaatgericht, met daarbij het belang van de ander duidelijk voor ogen. Daarnaast vind ik het interessant en belangrijk om op de hoogte te blijven van diverse maatschappelijke ontwikkelingen en vernieuwingen binnen mijn vakgebied. De combinatie van het werken met mensen, <\/span><span style=\"font-size: 13.3333px;\">financi\u00eble<\/span><span style=\"font-size: 10pt;\">&nbsp;zaken en verschillende soorten regelgeving, maakt dat ik mijn werk boeiend en uitdagend blijf vinden.\u201d<\/span><\/em><\/span><\/p>\n<\/blockquote>\n<p>Open, eerlijk en transparant zijn naar cli\u00ebnten, zijn voor Gerjan Geertsma de sleutelwoorden:<\/p>\n<blockquote>\n<p><span style=\"font-size: 10pt;\"><em><span style=\"font-size: 10pt;\">\u201cHet mooie aan het werken als bewindvoerder vind ik dat elke situatie anders is en dat iedereen daarin ook iets anders nodig heeft om rust in zijn of haar <\/span><span style=\"font-size: 13.3333px;\">financi\u00eble<\/span><span style=\"font-size: 10pt;\">&nbsp;situatie te krijgen. Je draagt als bewindvoerder een grote verantwoordelijkheid, omdat je de zaken van een ander beheert. Daarom vind ik het ook erg belangrijk om in goed contact te blijven met mijn <\/span><span style=\"font-size: 13.3333px;\">cli\u00ebnten<\/span><span style=\"font-size: 10pt;\">.\u201d<\/span><\/em><\/span><\/p>\n<\/blockquote>\n<p>&nbsp;<\/p>\n<p><img fetchpriority=\"high\" decoding=\"async\" class=\"alignleft size-medium wp-image-1450\" src=\"https:\/\/mgbewindvoering.nl\/wp-content\/uploads\/2025\/05\/Gerjan-214x300.jpg\" alt=\"\" width=\"214\" height=\"300\" srcset=\"https:\/\/mgbewindvoering.nl\/wp-content\/uploads\/2025\/05\/Gerjan-214x300.jpg 214w, https:\/\/mgbewindvoering.nl\/wp-content\/uploads\/2025\/05\/Gerjan-480x672.jpg 480w, https:\/\/mgbewindvoering.nl\/wp-content\/uploads\/2025\/05\/Gerjan-410x574.jpg 410w, https:\/\/mgbewindvoering.nl\/wp-content\/uploads\/2025\/05\/Gerjan-100x140.jpg 100w, https:\/\/mgbewindvoering.nl\/wp-content\/uploads\/2025\/05\/Gerjan-275x385.jpg 275w, https:\/\/mgbewindvoering.nl\/wp-content\/uploads\/2025\/05\/Gerjan.jpg 600w\" sizes=\"(max-width: 214px) 100vw, 214px\" \/><\/p>\n<p>&nbsp;<\/p>\n<p>&nbsp;<\/p>\n<p>&nbsp;<\/p>\n<p>&nbsp;<\/p>\n<p>&nbsp;<\/p>\n<p>&nbsp;<\/p>\n<p>&nbsp;<\/p>\n<p>&nbsp;<\/p>\n<p>&nbsp;<\/p>\n<p>&nbsp;<\/p>\n<p>&nbsp;<\/p>\n<p><strong>Jaline Groen&nbsp;<\/strong><\/p>\n<p>Naast professioneel bewindvoerder is Jaline Groen jurist. Met veel plezier en passie zet zij zich in voor mensen die om wat voor een reden dan ook, financi\u00eble of juridische hulp nodig hebben:<\/p>\n<blockquote>\n<p><span style=\"font-size: 10pt;\"><em>&#8220;In de bewindvoeringswereld zie ik steeds vaker dat kantoren meer cli\u00ebnten aannemen dan zij daadwerkelijk de juiste zorg en aandacht kunnen bieden. Soms door personeelsgebrek, soms door ineffici\u00ebnte processen. Het resultaat is helaas vaak hetzelfde: dossiers blijven liggen, fouten stapelen zich op en cli\u00ebnten krijgen niet de persoonlijke begeleiding die zij verdienen. De werkdruk stijg, de kwaliteit en het vertrouwen van mensen komt onder druk te staan.&nbsp;<\/em><\/span><\/p>\n<\/blockquote>\n<p>Ik ben ervan overtuigd&nbsp; dat dit anders kan. Sterker nog: dat het anders mo\u00e9t.&nbsp;<\/p>\n<blockquote>\n<p><span style=\"font-size: 10pt;\"><em>Vanuit die overtuiging is M&amp;G Bewindvoering ontstaan. Wie kiezen bewust voor kleinschaligheid, overzicht en persoonlijke benadering. Geen massaproductie, maar maatwerk. Wij willen onze cli\u00ebnten \u00e9cht leren kennen, zodat we niet alleen die financi\u00eble zaken goed regelen, maar ook rust, duidelijkheid en vertrouwen kunnen bieden. Door effici\u00ebnt te werken, helder te communiceren en dossiers met zorg te behandelen, cre\u00ebren we ruimte voor kwaliteit.<\/em><\/span><\/p>\n<p><span style=\"font-size: 10pt;\"><em> M&amp;G Bewindvoering staat voor betrokkenheid, transparantie en aandacht. Wij geloven dat bewindvoering een vak is dat je met toewijding moet uitoefenen. We zetten ons elke dag in om onze cli\u00ebnten de ondersteuning te geven die zij nodig hebben, zorgvuldig, menselijk en professioneel. Daar maken wij ons graag hard voor.&#8221;<\/em><\/span><\/p>\n<p><img decoding=\"async\" class=\"alignnone size-medium wp-image-1196\" src=\"https:\/\/mgbewindvoering.nl\/wp-content\/uploads\/2021\/09\/mgbewindvoering_hr_buurmanfotografie-31-300x200.jpg\" alt=\"\" width=\"300\" height=\"200\" srcset=\"https:\/\/mgbewindvoering.nl\/wp-content\/uploads\/2021\/09\/mgbewindvoering_hr_buurmanfotografie-31-300x200.jpg 300w, https:\/\/mgbewindvoering.nl\/wp-content\/uploads\/2021\/09\/mgbewindvoering_hr_buurmanfotografie-31-1024x683.jpg 1024w, https:\/\/mgbewindvoering.nl\/wp-content\/uploads\/2021\/09\/mgbewindvoering_hr_buurmanfotografie-31-768x512.jpg 768w, https:\/\/mgbewindvoering.nl\/wp-content\/uploads\/2021\/09\/mgbewindvoering_hr_buurmanfotografie-31-1536x1024.jpg 1536w, https:\/\/mgbewindvoering.nl\/wp-content\/uploads\/2021\/09\/mgbewindvoering_hr_buurmanfotografie-31-2048x1365.jpg 2048w, https:\/\/mgbewindvoering.nl\/wp-content\/uploads\/2021\/09\/mgbewindvoering_hr_buurmanfotografie-31-480x320.jpg 480w, https:\/\/mgbewindvoering.nl\/wp-content\/uploads\/2021\/09\/mgbewindvoering_hr_buurmanfotografie-31-410x273.jpg 410w, https:\/\/mgbewindvoering.nl\/wp-content\/uploads\/2021\/09\/mgbewindvoering_hr_buurmanfotografie-31-100x67.jpg 100w, https:\/\/mgbewindvoering.nl\/wp-content\/uploads\/2021\/09\/mgbewindvoering_hr_buurmanfotografie-31-275x183.jpg 275w, https:\/\/mgbewindvoering.nl\/wp-content\/uploads\/2021\/09\/mgbewindvoering_hr_buurmanfotografie-31-272x182.jpg 272w\" sizes=\"(max-width: 300px) 100vw, 300px\" \/><\/p>\n<\/blockquote>\n\n\n\n\n\n","protected":false},"excerpt":{"rendered":"<p>M&amp;G Bewindvoering wordt met veel enthousiasme gerund door twee bedreven duizendpoten. Kwaliteit en deskundigheid staat bij M&amp;G Bewindvoering hoog in het vaandel. Gerjan Geertsma Gerjan Geertsma heeft vanaf 2001 ervaring in de schuldhulpverlening en beschermingsbewind. Diverse aspecten van het uitvoeren van beschermingsbewind spreken hem aan: \u201cVan nature ben ik resultaatgericht, met daarbij het belang van [&hellip;]<\/p>\n","protected":false},"author":2,"featured_media":0,"parent":0,"menu_order":0,"comment_status":"closed","ping_status":"closed","template":"","meta":{"_acf_changed":false,"om_disable_all_campaigns":false,"_monsterinsights_skip_tracking":false,"_monsterinsights_sitenote_active":false,"_monsterinsights_sitenote_note":"","_monsterinsights_sitenote_category":0,"ngg_post_thumbnail":0,"footnotes":""},"class_list":["post-400","page","type-page","status-publish","hentry"],"acf":[],"aioseo_notices":[],"_links":{"self":[{"href":"https:\/\/mgbewindvoering.nl\/index.php?rest_route=\/wp\/v2\/pages\/400","targetHints":{"allow":["GET"]}}],"collection":[{"href":"https:\/\/mgbewindvoering.nl\/index.php?rest_route=\/wp\/v2\/pages"}],"about":[{"href":"https:\/\/mgbewindvoering.nl\/index.php?rest_route=\/wp\/v2\/types\/page"}],"author":[{"embeddable":true,"href":"https:\/\/mgbewindvoering.nl\/index.php?rest_route=\/wp\/v2\/users\/2"}],"replies":[{"embeddable":true,"href":"https:\/\/mgbewindvoering.nl\/index.php?rest_route=%2Fwp%2Fv2%2Fcomments&post=400"}],"version-history":[{"count":33,"href":"https:\/\/mgbewindvoering.nl\/index.php?rest_route=\/wp\/v2\/pages\/400\/revisions"}],"predecessor-version":[{"id":1629,"href":"https:\/\/mgbewindvoering.nl\/index.php?rest_route=\/wp\/v2\/pages\/400\/revisions\/1629"}],"wp:attachment":[{"href":"https:\/\/mgbewindvoering.nl\/index.php?rest_route=%2Fwp%2Fv2%2Fmedia&parent=400"}],"curies":[{"name":"wp","href":"https:\/\/api.w.org\/{rel}","templated":true}]}}