{"id":992,"date":"2020-07-14T10:56:10","date_gmt":"2020-07-14T09:56:10","guid":{"rendered":"https:\/\/mgbewindvoering.nl\/?page_id=992"},"modified":"2025-10-27T16:20:55","modified_gmt":"2025-10-27T15:20:55","slug":"klachtenregeling","status":"publish","type":"page","link":"https:\/\/mgbewindvoering.nl\/?page_id=992","title":{"rendered":"Klachtenreglement"},"content":{"rendered":"<p>Een meningsverschil kan voorkomen. We proberen daar zo goed mogelijk met elkaar uit te komen. Als dit niet naar tevredenheid is gebeurd, dan kan je een offici\u00eble klacht indienen. Deze wordt altijd in behandeling genomen.<\/p>\n<p>&nbsp;<\/p>\n<p><span style=\"color: #000000;\"><strong>KLACHTENREGLMENT VOOR BEWINDVOERING<\/strong><\/span><\/p>\n<p>&nbsp;<\/p>\n<p><strong>ALGEMENE BEPALINGEN<\/strong><\/p>\n<p><strong><u>Artikel 1<\/u><\/strong><\/p>\n<p style=\"text-align: left;\">In deze regeling wordt verstaan onder:<\/p>\n<p style=\"text-align: left;\"><strong>De organisatie<\/strong>: M&amp;G Bewindvoering<\/p>\n<p style=\"text-align: left;\"><strong>Bewindvoerder<\/strong>:&nbsp; degene die het bewind daadwerkelijk uitvoert en rekening&nbsp; &nbsp; &nbsp; &nbsp; &nbsp; &nbsp; &nbsp; &nbsp; &nbsp; &nbsp; &nbsp; &nbsp; &nbsp; verantwoording aflegt over de vermogensbestanddelen van&nbsp; &nbsp; &nbsp; &nbsp; &nbsp; &nbsp; &nbsp; &nbsp; &nbsp; &nbsp; &nbsp; &nbsp; &nbsp; &nbsp; &nbsp; &nbsp; &nbsp; &nbsp; &nbsp; &nbsp; &nbsp; &nbsp; &nbsp; &nbsp; &nbsp; &nbsp; &nbsp; &nbsp; &nbsp; natuurlijke personen.<\/p>\n<p style=\"text-align: left;\"><strong>Vervanger<\/strong>: degene die in plaats van de bewindvoerder werkzaamheden verricht voor de organisatie.<\/p>\n<p style=\"text-align: left;\"><strong>Cli\u00ebnt:<\/strong> een persoon wiens vermogensbestanddelen onder bewind zijn gesteld en waarbij M&amp;G Bewindvoering is benoemd tot bewindvoerder, respectievelijk met wie M&amp;G Bewindvoering een overeenkomst heeft afgesloten.<\/p>\n<p style=\"text-align: left;\"><strong>Bezwaar:<\/strong> een schriftelijke uiting van onvrede over de dienstverlening van de organisatie.<\/p>\n<p style=\"text-align: left;\"><strong>Klacht:<\/strong> een schriftelijke ter kennis van M&amp;G Bewindvoering gebrachte uiting van onvrede over de dienstverlening van de organisatie.<\/p>\n<p style=\"text-align: left;\"><strong>Gedraging:<\/strong> een besluit, een handeling of het nalaten van een handeling van M&amp;G Bewindvoering of van M&amp;G Bewindvoering bij haar werkzaamheden ingeschakelde personen.<\/p>\n<p>&nbsp;<\/p>\n<p><strong>BEZWAREN<\/strong><\/p>\n<p><strong><u>Artikel 2<\/u><\/strong><\/p>\n<p>2.1 Een bezwaar wordt binnen veertien dagen behandeld door de bewindvoerder of diens vervanger. Deze tracht het bezwaar telefonisch of schriftelijk in overleg met de cli\u00ebnt op te lossen.<\/p>\n<p>2.2 De cli\u00ebnt ontvangt schriftelijk bericht van de wijze waarop het bezwaar door de bewindvoerder of diens vervanger is afgedaan.<\/p>\n<p>2.3 Als het bezwaar is opgelost of afgedaan wordt de wijze waarop dit is gebeurd, vastgelegd op het bezwaarformulier. De organisatie archiveert de afgewerkte bezwaarformulieren. Is de cli\u00ebnt niet tevreden gesteld dan kan hij\/zij een klacht indienen.<\/p>\n<p>&nbsp;<\/p>\n<p><strong>KLACHTEN<\/strong><\/p>\n<p><strong><u>Artikel 3<\/u><\/strong><\/p>\n<p>3.1 Deze klachtenregeling geldt voor cli\u00ebnten van M&amp;G Bewindvoering, of door deze cli\u00ebnten wettelijke gemachtigde personen, die als vertegenwoordiger mogen optreden.<\/p>\n<p>3.1a Naast cli\u00ebnten en hun wettelijke vertegenwoordigers kunnen ook derden, zoals familieleden, hulpverleners of betrokken instanties, een klacht indienen indien zij daarbij een rechtstreeks en aantoonbaar belang hebben. De bewindvoerder of diens vervanger beoordeelt in eerste instantie of de derde voldoende belang heeft bij de klacht om deze in behandeling te nemen. Bij twijfel wordt, indien nodig, overlegd met de cli\u00ebnt of de kantonrechter.<\/p>\n<p>3.2 Een bezwaar of klacht dient schriftelijk (per e-mail of per post) te worden ingediend bij de bewindvoerder of diens vervanger en voorzien zijn van in elk geval het volgende:<\/p>\n<ul>\n<li>naam en adres van de melder;<\/li>\n<li>datum van vermelding van de klacht;<\/li>\n<li>een omschrijving van de klacht.<\/li>\n<\/ul>\n<p>3.3 Klachten die niet gedagtekend zijn, worden geacht gedagtekend te zijn op de dag van ontvangst. De bewindvoerder of diens vervanger, bevestigd de ontvangst van de klacht schriftelijk, binnen tien werkdagen, te rekenen vanaf de datum poststempel.<\/p>\n<p><strong><u>Artikel 4<\/u><\/strong><\/p>\n<p>4.1 De klacht wordt zo spoedig mogelijk behandeld door de bewindvoerder of diens vervanger, doch uiterlijk binnen zes weken, echter met inachtneming van het volgende:<\/p>\n<ol>\n<li>de bewindvoerder of diens vervanger stelt een onderzoek in en hoort de cli\u00ebnt;<\/li>\n<li>de bewindvoerder of diens vervanger lost de klacht zo mogelijk op door bemiddeling en deelt dit binnen twee weken schriftelijk mee aan de cli\u00ebnt. Indien van toepassing, worden verdere maatregelen eveneens medegedeeld.<\/li>\n<\/ol>\n<p>4.2 Behandeling van de klacht vindt plaats met inachtneming van de bepalingen uit de Wet Algemene Verordening Gegevensbescherming (AVG).<\/p>\n<p>4.3 Indien binnen zes weken na indiening van de klacht geen oplossing is bereikt, wordt de melder door de bewindvoerder of diens vervanger op de hoogte gesteld van het feit dat de melder de klacht kan voorleggen aan de toezichthoudende kantonrechter.<\/p>\n<p>4.4 Indien de klacht niet naar tevredenheid van de cli\u00ebnt is afgehandeld, en de cli\u00ebnt niet direct de kantonrechter wil benaderen, kan de cli\u00ebnt desgewenst gebruikmaken van de klachtenregeling van brancheorganisatie Aegis. &nbsp;In dat geval kan de klacht worden voorgelegd aan de onafhankelijke klachtencommissie van Aegis, die de klacht zal beoordelen conform haar klachtenreglement. Meer informatie over deze mogelijkheid is te vinden op <a href=\"https:\/\/www.horus.nl\">www.aegis.nl<\/a><\/p>\n<p><strong><u>Artikel 5<\/u><\/strong><\/p>\n<p>5.1 Een klacht wordt niet in behandeling genomen of de behandeling wordt gestaakt als:<\/p>\n<ul>\n<li>de klacht anoniem is;<\/li>\n<li>de cli\u00ebnt zich voor of tijdens de behandeling van de klacht zich reeds ter zake van dezelfde klacht tot de kantonrechter of een andere burgerlijke rechter heeft gewend;<\/li>\n<li>het feit waarover geklaagd wordt langer dan drie maanden voor indiening heeft plaatsgevonden.<\/li>\n<\/ul>\n<p>5.2 Van het niet in behandeling nemen van een klacht wordt de klager binnen een termijn van vier weken na ontvangst van de klacht schriftelijk in kennis gesteld.<\/p>\n<p>5.3 De bewindvoerder of diens vervanger archiveert de klachten in een centraal registratiesysteem.<\/p>\n<p>&nbsp;<\/p>\n<p><strong>SLOTBEPALINGEN<\/strong><\/p>\n<p><strong><u>Artikel 6<\/u><\/strong><\/p>\n<p>Een ieder die bij een behandeling van een bezwaar of klacht is betrokken, is verplicht tot geheimhouding ten aanzien van alle gegevens die hen bij de behandeling van het verschil ter kennis zijn gekomen.<\/p>\n<p><strong><u>Artikel 7<\/u><\/strong><\/p>\n<p>Deze regeling is in werking getreden op 1 januari 2018 en geldt voor onbepaalde tijd.<\/p>\n<p>&nbsp;<\/p>\n<p>&nbsp;<\/p>\n\n\n\n\n\n","protected":false},"excerpt":{"rendered":"<p>Een meningsverschil kan voorkomen. We proberen daar zo goed mogelijk met elkaar uit te komen. Als dit niet naar tevredenheid is gebeurd, dan kan je een offici\u00eble klacht indienen. Deze wordt altijd in behandeling genomen. &nbsp; KLACHTENREGLMENT VOOR BEWINDVOERING &nbsp; ALGEMENE BEPALINGEN Artikel 1 In deze regeling wordt verstaan onder: De organisatie: M&amp;G Bewindvoering Bewindvoerder:&nbsp; [&hellip;]<\/p>\n","protected":false},"author":2,"featured_media":0,"parent":406,"menu_order":4,"comment_status":"closed","ping_status":"closed","template":"","meta":{"_acf_changed":false,"om_disable_all_campaigns":false,"_monsterinsights_skip_tracking":false,"_monsterinsights_sitenote_active":false,"_monsterinsights_sitenote_note":"","_monsterinsights_sitenote_category":0,"ngg_post_thumbnail":0,"footnotes":""},"class_list":["post-992","page","type-page","status-publish","hentry"],"acf":[],"aioseo_notices":[],"_links":{"self":[{"href":"https:\/\/mgbewindvoering.nl\/index.php?rest_route=\/wp\/v2\/pages\/992","targetHints":{"allow":["GET"]}}],"collection":[{"href":"https:\/\/mgbewindvoering.nl\/index.php?rest_route=\/wp\/v2\/pages"}],"about":[{"href":"https:\/\/mgbewindvoering.nl\/index.php?rest_route=\/wp\/v2\/types\/page"}],"author":[{"embeddable":true,"href":"https:\/\/mgbewindvoering.nl\/index.php?rest_route=\/wp\/v2\/users\/2"}],"replies":[{"embeddable":true,"href":"https:\/\/mgbewindvoering.nl\/index.php?rest_route=%2Fwp%2Fv2%2Fcomments&post=992"}],"version-history":[{"count":16,"href":"https:\/\/mgbewindvoering.nl\/index.php?rest_route=\/wp\/v2\/pages\/992\/revisions"}],"predecessor-version":[{"id":1478,"href":"https:\/\/mgbewindvoering.nl\/index.php?rest_route=\/wp\/v2\/pages\/992\/revisions\/1478"}],"up":[{"embeddable":true,"href":"https:\/\/mgbewindvoering.nl\/index.php?rest_route=\/wp\/v2\/pages\/406"}],"wp:attachment":[{"href":"https:\/\/mgbewindvoering.nl\/index.php?rest_route=%2Fwp%2Fv2%2Fmedia&parent=992"}],"curies":[{"name":"wp","href":"https:\/\/api.w.org\/{rel}","templated":true}]}}